{"id":2443,"date":"2020-04-02T15:24:35","date_gmt":"2020-04-02T13:24:35","guid":{"rendered":"https:\/\/deniscourtiade.fr\/?page_id=2443"},"modified":"2024-05-28T09:28:45","modified_gmt":"2024-05-28T07:28:45","slug":"ma-vision","status":"publish","type":"page","link":"https:\/\/deniscourtiade.fr\/index.php\/ma-vision\/","title":{"rendered":"Ma vision"},"content":{"rendered":"<p>[vc_row is_section=&#8221;yes&#8221; section_skin=&#8221;parallax&#8221; remove_margin_top=&#8221;yes&#8221; remove_margin_bottom=&#8221;yes&#8221; remove_border=&#8221;yes&#8221;][vc_column width=&#8221;5\/12&#8243; el_class=&#8221;order-md-2&#8243;][vc_single_image image=&#8221;2435&#8243; img_size=&#8221;full&#8221; animation_delay=&#8221;100&#8243; animation_type=&#8221;fadeInRight&#8221; el_class=&#8221;mb-4&#8243;][\/vc_column][vc_column width=&#8221;7\/12&#8243;][vc_row_inner el_class=&#8221;overflow-hidden&#8221;][vc_column_inner]<div class=\"porto-u-heading\" data-hspacer=\"no_spacer\" data-halign=\"left\" style=\"text-align:left\"data-appear-animation=\"maskUp\" data-appear-animation-delay=\"300\"><div class=\"porto-u-main-heading\"><h2 style=\"font-weight:700;font-size:32px;\">Mon histoire<\/h2><\/div><\/div>[\/vc_column_inner][\/vc_row_inner][vc_column_text css_animation=&#8221;fadeInUp&#8221;]<\/p>\n<p style=\"text-align: justify;\">Directeur du restaurant gastronomique au Plaza Ath\u00e9n\u00e9e \u00e0 Paris depuis sa r\u00e9ouverture le 25 septembre 2000, j&#8217;ai d\u00e9but\u00e9 ma carri\u00e8re en tant qu&#8217;Apprenti Maitre d&#8217;H\u00f4tel \u00e0 l&#8217;Auberge des Templiers dans le Loiret. Issu d&#8217;une famille de Restaurateurs, j&#8217;ai choisi, \u00e0 l&#8217;\u00e2ge de 16 ans, de m&#8217;orienter vers les m\u00e9tiers de la p\u00e2tisserie\u2026 mais il n&#8217;y avait pas de place dans le restaurant de mon village, alors, lorsqu&#8217;un restaurant de renom me propose un poste en salle, je d\u00e9cide de me lancer dans l&#8217;aventure!<\/p>\n<p style=\"text-align: justify;\">Apr\u00e8s un passage en Angleterre et diff\u00e9rentes exp\u00e9riences dans des restaurants \u00e9toil\u00e9s entre le Sud de la France et la capitale, je remporte en 1991 le titre de 1er Chef de Rang de France \u00e0 l&#8217;\u00e9preuve Nationale \u00e0 Reims &#8211; du \u00ab Troph\u00e9e Jacquart \u00bb. Les \u00e9quipes du \u00ab Louis XV \u00bb \u00e0 Monaco me contactent et j&#8217;int\u00e8gre le restaurant du c\u00e9l\u00e8bre Chef Alain Ducasse en 1991 en tant que Chef de Rang, avant d&#8217;y devenir second Maitre d&#8217;H\u00f4tel.<\/p>\n<p style=\"text-align: justify;\">En 1995, je repars ensuite \u00e0 Londres, \u00e0 la demande d&#8217;Alain Ducasse, afin d&#8217;y exercer le m\u00e9tier de Directeur de restaurant durant un an pour l&#8217;ouverture d&#8217;un Club Priv\u00e9 \u00ab Monte&#8217;s &#8211; Desert Express Limited \u00bb : cette exp\u00e9rience me donne un rayonnement international.<\/p>\n<p style=\"text-align: justify;\">En juillet 1996, je reviens \u00e0 Paris pour la r\u00e9ouverture du Restaurant \u00ab Le Relais du Parc \u00bb au 59 avenue Raymond Poincar\u00e9 nouvellement acquis par Alain Ducasse post Jo\u00ebl Robuchon, qui a la ferme intention d&#8217;y obtenir 3 \u00e9toiles : six mois plus tard, le challenge est relev\u00e9.<\/p>\n<p style=\"text-align: justify;\">En 2000, le Chef \u00e9toil\u00e9 Alain Ducasse ouvre son restaurant gastronomique au sein du prestigieux H\u00f4tel Plaza Ath\u00e9n\u00e9e avenue Montaigne, avec Fran\u00e7ois Delahaye pour Directeur G\u00e9n\u00e9ral, et c&#8217;est l\u00e0 qu&#8217;il fait appel \u00e0 moi, pour diriger cet \u00e9tablissement embl\u00e9matique triplement \u00e9toil\u00e9.<\/p>\n<p style=\"text-align: justify;\">S&#8217;en suit 20 ann\u00e9es &#8220;d&#8217;exploits&#8221; avec Jean-Fran\u00e7ois Pi\u00e8ge, Christophe Moret, Christophe Saintagne, Romain Meder, Christophe Michalak et tant d&#8217;autres talentueux Chefs&#8230; et puis&#8230; changement de direction et d\u00e9part d&#8217;Alain Ducasse!<\/p>\n<p style=\"text-align: justify;\">Nouveau projet d&#8217;entreprise depuis le 5 janvier 2022 avec l&#8217;arriv\u00e9e de notre nouveau concept et Chef &#8221; Jean Imbert au Plaza Ath\u00e9n\u00e9e&#8221;.<\/p>\n<p>[\/vc_column_text][vc_separator color=&#8221;custom&#8221; css_animation=&#8221;fadeInUp&#8221; style=&#8221;solid&#8221; gap=&#8221;tall&#8221; accent_color=&#8221;rgba(0,0,0,0.06)&#8221;][vc_row_inner animation_delay=&#8221;500&#8243; animation_type=&#8221;fadeInUp&#8221;][vc_column_inner offset=&#8221;vc_col-md-6&#8243;][vc_btn title=&#8221;Savoir, \u00eatre &amp; transmettre&#8221; style=&#8221;modern&#8221; skin=&#8221;dark&#8221; el_class=&#8221;mr-1&#8243; link=&#8221;url:https%3A%2F%2Fdeniscourtiade.fr%2Findex.php%2Fsavoir-etre-transmettre%2F|title:Savoir%2C%20%C3%AAtre%20%26%20transmettre||&#8221;][\/vc_column_inner][vc_column_inner el_class=&#8221;text-lg-right&#8221; offset=&#8221;vc_col-md-6&#8243;][vc_column_text el_class=&#8221;mb-0 inline-block&#8221;]<strong class=\"text-uppercase font-size-xs mr-3 text-dark\">SUIVEZ MOI<\/strong>[\/vc_column_text]<div class=\"porto-u-icons inline-block\">\n<a class=\"69e6c8b2d966d\" href = \"https:\/\/www.facebook.com\/denis.courtiade\" target='_blank'  ><div class=\"porto-icon circle box-shadow-gray\"  style=\"color:#212529;font-size:14px;margin-right:3px;\">\n\t<i class=\"fab fa-facebook-f\"><\/i>\n<\/div><\/a>\n<a class=\"69e6c8b2d9716\" href = \"https:\/\/twitter.com\/DenisCourtiade1\"   ><div class=\"porto-icon circle box-shadow-gray\"  style=\"color:#212529;font-size:14px;margin-right:3px;\">\n\t<i class=\"fab fa-twitter\"><\/i>\n<\/div><\/a>\n<a class=\"69e6c8b2d9782\" href = \"https:\/\/www.linkedin.com\/in\/denis-courtiade-9b551251\/\"   ><div class=\"porto-icon circle box-shadow-gray\"  style=\"color:#212529;font-size:14px;margin-right:3px;\">\n\t<i class=\"fab fa-linkedin-in\"><\/i>\n<\/div><\/a><\/div>[\/vc_column_inner][\/vc_row_inner][\/vc_column][\/vc_row][vc_row is_section=&#8221;yes&#8221; section_skin=&#8221;parallax&#8221; remove_margin_top=&#8221;yes&#8221; remove_margin_bottom=&#8221;yes&#8221; remove_border=&#8221;yes&#8221;][vc_column width=&#8221;5\/12&#8243; el_class=&#8221;order-md-2&#8243;]<div class=\"porto-testimonial wpb_content_element \"><div class=\"testimonial\"><blockquote><p>Un client est le visiteur le plus important sur nos lieux. Il ne d\u00e9pend pas de nous. Nous d\u00e9pendons de lui. Il n&#8217;est pas une interruption dans notre travail. Il en est le but. Il n&#8217;est pas \u00e9tranger dans nos affaires. Il en fait partie. Nous ne lui faisons pas une faveur en le servant. Il nous fait une faveur en nous donnant l&#8217;occasion de le faire.<\/p><\/blockquote><div class=\"testimonial-arrow-down\"><\/div><div class=\"testimonial-author clearfix\"><div class=\"testimonial-author-thumbnail\"><img decoding=\"async\" src=\"https:\/\/deniscourtiade.fr\/wp-content\/uploads\/2020\/04\/Gandhi-150x150.jpg\" alt=\"Gandhi\" class=\"img-circle\"><\/div><p><strong>Gandhi<\/strong><span><\/span><\/p><\/div><\/div><\/div>[vc_single_image image=&#8221;9010&#8243; img_size=&#8221;full&#8221; animation_delay=&#8221;100&#8243; animation_type=&#8221;fadeInRight&#8221; el_class=&#8221;mb-4&#8243;][\/vc_column][vc_column width=&#8221;7\/12&#8243;][vc_row_inner el_class=&#8221;overflow-hidden&#8221;][vc_column_inner]<div class=\"porto-u-heading\" data-hspacer=\"no_spacer\" data-halign=\"left\" style=\"text-align:left\"data-appear-animation=\"maskUp\" data-appear-animation-delay=\"300\"><div class=\"porto-u-main-heading\"><h2 style=\"font-weight:700;font-size:32px;\">Ma philosophie<\/h2><\/div><\/div>[\/vc_column_inner][\/vc_row_inner][vc_column_text css_animation=&#8221;fadeInUp&#8221; el_class=&#8221;text-align: justify&#8221;]<\/p>\n<p style=\"text-align: justify;\">Le client doit \u00eatre au centre de nos pr\u00e9occupations. Il doit \u00eatre consid\u00e9r\u00e9 avec empathie afin de lui offrir un v\u00e9cu relationnel personnalis\u00e9. Lorsqu&#8217;un client entre dans le restaurant, il doit se sentir le bienvenu car nous lui offrons avant tout l&#8217;hospitalit\u00e9.<\/p>\n<p style=\"text-align: justify;\">Certains d\u00e9fendent ma profession de service en y voyant un v\u00e9ritable Art, et le nomme \u00ab l&#8217;Art du Service \u00bb d&#8217;autres, \u00e0 l&#8217;inverse, la d\u00e9valorise en la comparant \u00e0 de la servitude&#8230; Quoi qu&#8217;il en soit, \u00e0 mes yeux, le client est, et restera, \u00ab roi \u00bb. Ce dernier dicte toutes nos actions. Aucun service ne peut \u00eatre compar\u00e9 \u00e0 un autre, aucune table ne se ressemble. Chaque convive doit \u00eatre re\u00e7u comme un \u00eatre \u00ab unique \u00bb car il vient \u00e0 notre rencontre avec son histoire, son c\u0153ur, ses \u00e9motions \u2026 et ses attentes.<\/p>\n<p style=\"text-align: justify;\">Etant un Homme de mission, depuis juillet 2012, j&#8217;ai pris la d\u00e9cision de d\u00e9clencher une profonde remise en question de nos m\u00e9tiers de l\u2019accueil et du service dans la restauration. Ensemble, nous devons \u0153uvrer pour la revalorisation de notre industrie. Accompagn\u00e9 de professionnels, de professeurs, formateurs et enseignants, je m&#8217;inscris sur le long terme en restant toujours accessible et disponible pour partager mes exp\u00e9riences et mes expertises.<\/p>\n<p>[\/vc_column_text][vc_row_inner el_class=&#8221;overflow-hidden&#8221;][vc_column_inner]<div class=\"porto-u-heading\" data-hspacer=\"no_spacer\" data-halign=\"left\" style=\"text-align:left\"data-appear-animation=\"maskUp\" data-appear-animation-delay=\"300\"><div class=\"porto-u-main-heading\"><h2 style=\"font-weight:700;color:#000000;font-size:32px;\">Un parcours inspirant<\/h2><\/div><div class=\"porto-u-sub-heading\" style=\"font-weight:700;color: #a3a3a3;font-size:14px;\">2023 D\u00e9cembre Documentaire \u00ab\u00a0Nos restaurants\u00a0: une grande histoire fran\u00e7aise\u00a0\u00bb &#8211; M6 &#8211; Emmanuel Blanchard\u2026<\/p>\n<p>2023 Novembre \u00ab\u00a0Personne d\u2019Or 2023\u00a0\u00bb Troph\u00e9e remis par l\u2019association -Le Geste D\u2019Or- pour la classe\u00a0: \u00ab\u00a0Accueil &amp; Service\u00a0\u00bb<\/p>\n<p>2023 Novembre M\u00e9daille d\u2019Or remise par l\u2019association -Tables &amp; Auberges- pour \u00ab\u00a0la Transmission &amp; le Mentorat\u00a0\u00bb<\/p>\n<p>2022 Octobre Troph\u00e9e de la Gastronomie -Les Toques Blanches Lyonnaises- re\u00e7u le prix\u00a0\u00ab\u00a0Troph\u00e9e de l\u2019Accueil 2022 \u00bb<\/p>\n<p>2022 Octobre Parution de mon 3<sup>\u00e8me<\/sup> livre aux \u00e9ditions BPI \u00ab\u00a0L\u2019Hospitalit\u00e9 &amp; le Mentorat\u00a0\u00bb<\/p>\n<p>2022 Mars Participation \u00e0 l\u2019\u00e9criture du livre \u00ab\u00a0Accueillir\u00a0\u00bb \/ sur le handicap \/ av Freddy Zerbib, Guillaume Gomez, Christophe Hay<\/p>\n<p>2022 Janvier nomm\u00e9 par le Minist\u00e8re de l\u2019Agriculture Julien Denormandie\u00a0: Chevalier dans l\u2019ordre \u00ab\u00a0du M\u00e9rite Agricole\u00a0\u00bb<\/p>\n<p>2021 D\u00e9cembre Plaza Ath\u00e9n\u00e9e &#8211; ouverture du Restaurant gastronomique Jean Imbert au Plaza Ath\u00e9n\u00e9e<\/p>\n<p>2021 Participation aux Assises du Tourisme Durable &#8211; Mairie de Paris &#8211; Anne Hidalgo<\/p>\n<p>2021 Janvier &#8211; M\u00e9daille d\u2019Honneur du travail, \u00e9chelon Argent d\u00e9cern\u00e9e par le Pr\u00e9fet d\u2019Ile-de-France<\/p>\n<p>2021 Guide Michelin &#8211; c\u00e9r\u00e9monie des \u00e9toil\u00e9s au Jules Verne\/Tour Eiffel remise de prix &amp; discours<\/p>\n<p>2021 Food\u2019s Who by Atabula nomm\u00e9 sur la liste des \u00ab\u00a0100 Personnalit\u00e9s qui vont faire l\u2019ann\u00e9e 2021\u00a0\u00bb<\/p>\n<p>2020 Juillet nomm\u00e9 par le Minist\u00e8re de la Culture Roselyne Bachelot\u00a0: Chevalier dans l\u2019ordre \u00ab\u00a0des Arts et des Lettres\u00a0\u00bb<\/p>\n<p>2020 Janvier \u00ab\u00a0Le Manifeste du Commis ~ Serveur\u00a0\u00bb &#8211; Le Grand d\u00e9bat national \u00a0&#8211; Travaux de recherche<\/p>\n<p>2019 D\u00e9cembre &#8211; Colloque \u00e0 Rome, Italie avec Bruno Vespa, Dominga Cotarella<\/p>\n<p>2019 Octobre \u00ab\u00a0Pour vous servir\u00a0\u00bb parution de mon second livre &#8211; Alisio \/ 2021 sept. traduit en Mandarin \/ Gourmand Award &#8211; Best of the Best France en 2021<\/p>\n<p>2019 Octobre \u00ab\u00a0Awarded the Guerid\u00f3n de Oro 2019\u00a0\u00bb for outstanding-innovative work \u00e0 San Sebastien<\/p>\n<p>2019 Juin Projet soci\u00e9tal avec les jeunes Talents du Lyc\u00e9e des M\u00e9tiers Galil\u00e9e de Gennevilliers<\/p>\n<p><em>\u00a0<\/em>2019 Mars Parrain pour Croq l\u2019Espoir &#8211; Missions caritatives pour les h\u00f4pitaux et les enfants malades<\/p>\n<p>2019 Mars Parution de mon 1<sup>er <\/sup>livre aux \u00e9ditions Foucher \u00ab\u00a0Management\u00a0: h\u00f4tellerie-restauration\u00a0\u00bb<\/p>\n<p>2018\u00a0\u00ab\u00a0Le Prix Gault &amp; Millau 2019\u00a0\u00bb Directeur de salle de l\u2019ann\u00e9e<\/p>\n<p><em>\u00a0<\/em>2018\u00a0\u00ab\u00a0Le Prix Mauviel 1830 &#8211; du Meilleur Directeur de salle du Monde\u00a0\u00bb Grandes Tables du Monde<\/p>\n<p><em>\u00a0<\/em>2017\u00a0\u00ab\u00a0Le Prix du Service\u00a0\u00bb Guide Lebey<\/p>\n<p><em>\u00a0<\/em>2014\/2021\u2026 \u00ab\u00a0Alain Ducasse au Plaza Ath\u00e9n\u00e9e\u00a0\u00bb *** &#8211; 75008 Paris &#8211; Directeur du Restaurant<\/p>\n<p><em>\u00a0<\/em>2015\u00a0\u00ab\u00a0Le Prix du Service\u00a0\u00bb Magazine Le Chef<\/p>\n<p><em>\u00a0<\/em>2015 Association \u00ab Service \u00e0 la fran\u00e7aise\u00a0\u00bb &#8211; Vice-Pr\u00e9sident Fondateur pour le concours Troph\u00e9e du Ma\u00eetre d\u2019H\u00f4tel &#8211; pendant du Bocuse d\u2019Or &#8211; Sirha de Lyon 2017, 2019, 2021, 2023<\/p>\n<p><em>\u00a0<\/em>2013 \u00ab\u00a0Le Meurice\u00a0&#8211; Alain Ducasse \u00bb *** &#8211; 75001 Paris &#8211; Charg\u00e9 de Mission ouverture<\/p>\n<p>2013 Intronis\u00e9 dans l\u2019ordre des \u00ab\u00a0Disciples d\u2019Escoffier\u00a0\u00bb<\/p>\n<p><em>\u00a0<\/em>2000\/2013 \u00ab\u00a0Alain Ducasse au Plaza Ath\u00e9n\u00e9e\u00a0\u00bb *** &#8211; 75008 Paris &#8211; Directeur du Restaurant<\/p>\n<p><em>\u00a0<\/em>2012 Association \u00ab \u00d4\u00a0Service &#8211; des talents de demain\u00a0\u00bb &#8211; Pr\u00e9sident Fondateur<\/p>\n<p><em>\u00a0<\/em>2011 \u00ab\u00a0Grand Prix de l\u2019Art de la Salle &#8211; meilleur Ma\u00eetre d\u2019h\u00f4tel du monde\u00a0pour l\u2019ann\u00e9e 2010 \u00bb d\u00e9cern\u00e9 par l\u2019Acad\u00e9mie Internationale de la Gastronomie, 25 Pays<\/p>\n<p><em>\u00a0<\/em>1996\/2000 \u00ab\u00a0Alain Ducasse\u00a059 Poincar\u00e9\u00a0\u00bb *** &#8211; 75116 Paris &#8211; 1er Ma\u00eetre d\u2019h\u00f4tel responsable Salle<\/p>\n<p><em>\u00a0<\/em>1995\/1996 \u00ab\u00a0Club Monte\u2019s &#8211; Alain Ducasse \u00bb &#8211; Londres &#8211; Angleterre &#8211; Directeur du Restaurant<\/p>\n<p>1991\/1994 \u00ab\u00a0Le Louis XV- Alain Ducasse\u00a0\u00bb *** &#8211; MC 98000 &#8211; Monaco &#8211; Second Ma\u00eetre d\u2019H\u00f4tel<\/p>\n<p>1991 \u00ab\u00a01er Chef de Rang de France\u00a0au troph\u00e9e Jacquart 1991\u00a0\u00bb\u00a0\u00e9preuve Nationale \u00e0 Reims<\/p>\n<p>1989\/1991 \u00ab\u00a0La Belle Ot\u00e9ro \u00bb ** &#8211; Carlton Casino Club &#8211; 06400 Cannes &#8211; Chef de Rang<\/p>\n<p>1988\/1989 \u00ab\u00a0H\u00f4tel Allodis\u00a0\u00bb &#8211; 73550 M\u00e9ribel les Allues &#8211; Chef de Rang<\/p>\n<p>1988 \u00ab\u00a0H\u00f4tel Juana\u00a0&#8211; Restaurant La Terrasse\u00a0\u00bb ** &#8211; 06160 Juan les Pins &#8211; Chef de Rang<\/p>\n<p>1987 \u00ab\u00a0Grand H\u00f4tel Intercontinental Paris Op\u00e9ra\u00a0\u00bb &#8211; 75009 Paris &#8211; Chef de Rang<\/p>\n<p>1987 \u00ab\u00a0La Ferme de Mougins\u00a0\u00bb * &#8211; 06250 Mougins &#8211; Chef de Rang<\/p>\n<p>1986\/1987 Service Militaire National au Cercle des Officiers de Versailles &#8211; Chef de Rang<\/p>\n<p>1985\/1986 \u00ab\u00a0Shoppenhangers Manor Restaurant\u00a0\u00bb * &#8211; Berkshire &#8211; Angleterre &#8211; Chef de Rang<\/p>\n<p>1982\/1985 \u00ab\u00a0Auberge des Templiers\u00a0\u00bb ** 45290 B\u00e9zards Boismorand Apprenti &amp; Commis de Rang<\/p>\n<p><em>Diverses semaines gastronomiques\u00a0: Orlando &#8211; Dubai &#8211; Abou Dabi &#8211; Tokyo<\/em><\/div><\/div>[\/vc_column_inner][\/vc_row_inner][vc_separator color=&#8221;custom&#8221; css_animation=&#8221;fadeInUp&#8221; style=&#8221;solid&#8221; gap=&#8221;tall&#8221; accent_color=&#8221;rgba(0,0,0,0.06)&#8221;][\/vc_column][\/vc_row]<\/p>\n","protected":false},"excerpt":{"rendered":"<p>[vc_row is_section=&#8221;yes&#8221; section_skin=&#8221;parallax&#8221; remove_margin_top=&#8221;yes&#8221; remove_margin_bottom=&#8221;yes&#8221; remove_border=&#8221;yes&#8221;][vc_column width=&#8221;5\/12&#8243; el_class=&#8221;order-md-2&#8243;][vc_single_image image=&#8221;2435&#8243; img_size=&#8221;full&#8221; animation_delay=&#8221;100&#8243; animation_type=&#8221;fadeInRight&#8221; el_class=&#8221;mb-4&#8243;][\/vc_column][vc_column width=&#8221;7\/12&#8243;][vc_row_inner el_class=&#8221;overflow-hidden&#8221;][vc_column_inner][\/vc_column_inner][\/vc_row_inner][vc_column_text css_animation=&#8221;fadeInUp&#8221;] Directeur du restaurant gastronomique au Plaza Ath\u00e9n\u00e9e \u00e0 Paris depuis sa r\u00e9ouverture le 25 septembre 2000, j&#8217;ai d\u00e9but\u00e9 ma carri\u00e8re en tant qu&#8217;Apprenti Maitre d&#8217;H\u00f4tel \u00e0 l&#8217;Auberge des Templiers dans le Loiret. Issu d&#8217;une famille de Restaurateurs, j&#8217;ai choisi, [&hellip;]<\/p>\n","protected":false},"author":1,"featured_media":0,"parent":0,"menu_order":0,"comment_status":"closed","ping_status":"closed","template":"","meta":{"footnotes":""},"_links":{"self":[{"href":"https:\/\/deniscourtiade.fr\/index.php\/wp-json\/wp\/v2\/pages\/2443"}],"collection":[{"href":"https:\/\/deniscourtiade.fr\/index.php\/wp-json\/wp\/v2\/pages"}],"about":[{"href":"https:\/\/deniscourtiade.fr\/index.php\/wp-json\/wp\/v2\/types\/page"}],"author":[{"embeddable":true,"href":"https:\/\/deniscourtiade.fr\/index.php\/wp-json\/wp\/v2\/users\/1"}],"replies":[{"embeddable":true,"href":"https:\/\/deniscourtiade.fr\/index.php\/wp-json\/wp\/v2\/comments?post=2443"}],"version-history":[{"count":25,"href":"https:\/\/deniscourtiade.fr\/index.php\/wp-json\/wp\/v2\/pages\/2443\/revisions"}],"predecessor-version":[{"id":9062,"href":"https:\/\/deniscourtiade.fr\/index.php\/wp-json\/wp\/v2\/pages\/2443\/revisions\/9062"}],"wp:attachment":[{"href":"https:\/\/deniscourtiade.fr\/index.php\/wp-json\/wp\/v2\/media?parent=2443"}],"curies":[{"name":"wp","href":"https:\/\/api.w.org\/{rel}","templated":true}]}}